{"id":152,"date":"2020-11-28T13:40:17","date_gmt":"2020-11-28T12:40:17","guid":{"rendered":"http:\/\/localhost\/dist\/clerget\/produit\/cuvee-de-reserve\/"},"modified":"2021-05-04T21:16:46","modified_gmt":"2021-05-04T19:16:46","slug":"brut-cuvee-reserve","status":"publish","type":"product","link":"https:\/\/www.champagne-clerget.com\/en\/produit\/brut-cuvee-reserve\/","title":{"rendered":"Brut Cuv\u00e9e R\u00e9serve"},"content":{"rendered":"","protected":false},"excerpt":{"rendered":"<p>The Brut R\u00e9serve is an elegant wine placed under the sign of lightness. This wine will delight your taste buds for a good time with friends, a cocktail or even during an aperitif.<\/p>\n","protected":false},"featured_media":223,"template":"","meta":[],"yoast_head":"<!-- This site is optimized with the Yoast SEO plugin v16.3 - https:\/\/yoast.com\/wordpress\/plugins\/seo\/ -->\n<title>Brut Cuv\u00e9e R\u00e9serve &ndash; Champagne Clerget<\/title>\n<meta name=\"robots\" content=\"index, follow, max-snippet:-1, max-image-preview:large, max-video-preview:-1\" \/>\n<link rel=\"canonical\" href=\"https:\/\/www.champagne-clerget.com\/en\/produit\/brut-cuvee-reserve\/\" \/>\n<meta property=\"og:locale\" content=\"en_GB\" \/>\n<meta property=\"og:type\" content=\"article\" \/>\n<meta property=\"og:title\" content=\"Brut Cuv\u00e9e R\u00e9serve &ndash; Champagne Clerget\" \/>\n<meta property=\"og:description\" content=\"The Brut R\u00e9serve is an elegant wine placed under the sign of lightness. This wine will delight your taste buds for a good time with friends, a cocktail or even during an aperitif.\" \/>\n<meta property=\"og:url\" content=\"https:\/\/www.champagne-clerget.com\/en\/produit\/brut-cuvee-reserve\/\" \/>\n<meta property=\"og:site_name\" content=\"Champagne Clerget\" \/>\n<meta property=\"article:publisher\" content=\"https:\/\/www.facebook.com\/Champagne-Philippe-Clerget-108418927377630\/\" \/>\n<meta property=\"article:modified_time\" content=\"2021-05-04T19:16:46+00:00\" \/>\n<meta property=\"og:image\" content=\"https:\/\/www.champagne-clerget.com\/wp-content\/uploads\/2020\/11\/produit1-min.png\" \/>\n\t<meta property=\"og:image:width\" content=\"833\" \/>\n\t<meta property=\"og:image:height\" content=\"1400\" \/>\n<meta name=\"twitter:card\" content=\"summary\" \/>\n<script type=\"application\/ld+json\" class=\"yoast-schema-graph\">{\"@context\":\"https:\/\/schema.org\",\"@graph\":[{\"@type\":\"Organization\",\"@id\":\"https:\/\/www.champagne-clerget.com\/#organization\",\"name\":\"Champagne Philippe Clerget\",\"url\":\"https:\/\/www.champagne-clerget.com\/\",\"sameAs\":[\"https:\/\/www.facebook.com\/Champagne-Philippe-Clerget-108418927377630\/\",\"https:\/\/www.instagram.com\/champagnephilippeclerget\/\"],\"logo\":{\"@type\":\"ImageObject\",\"@id\":\"https:\/\/www.champagne-clerget.com\/#logo\",\"inLanguage\":\"en-GB\",\"url\":\"https:\/\/www.champagne-clerget.com\/wp-content\/uploads\/2021\/05\/og-scaled.jpg\",\"contentUrl\":\"https:\/\/www.champagne-clerget.com\/wp-content\/uploads\/2021\/05\/og-scaled.jpg\",\"width\":2560,\"height\":1707,\"caption\":\"Champagne Philippe Clerget\"},\"image\":{\"@id\":\"https:\/\/www.champagne-clerget.com\/#logo\"}},{\"@type\":\"WebSite\",\"@id\":\"https:\/\/www.champagne-clerget.com\/#website\",\"url\":\"https:\/\/www.champagne-clerget.com\/\",\"name\":\"Champagne Clerget\",\"description\":\"C\\u2019est apr\\u00e8s trois g\\u00e9n\\u00e9rations \\u00e0 cultiver la vigne que nous, Philippe et Nathalie Clerget d\\u00e9cidons d\\u2019\\u00e9laborer notre propre Champagne en 2008.\",\"publisher\":{\"@id\":\"https:\/\/www.champagne-clerget.com\/#organization\"},\"potentialAction\":[{\"@type\":\"SearchAction\",\"target\":\"https:\/\/www.champagne-clerget.com\/?s={search_term_string}\",\"query-input\":\"required name=search_term_string\"}],\"inLanguage\":\"en-GB\"},{\"@type\":\"ImageObject\",\"@id\":\"https:\/\/www.champagne-clerget.com\/en\/produit\/brut-cuvee-reserve\/#primaryimage\",\"inLanguage\":\"en-GB\",\"url\":\"https:\/\/www.champagne-clerget.com\/wp-content\/uploads\/2020\/11\/bouteille-brut-scaled-e1700135581874.jpg\",\"contentUrl\":\"https:\/\/www.champagne-clerget.com\/wp-content\/uploads\/2020\/11\/bouteille-brut-scaled-e1700135581874.jpg\",\"width\":1707,\"height\":2560},{\"@type\":\"WebPage\",\"@id\":\"https:\/\/www.champagne-clerget.com\/en\/produit\/brut-cuvee-reserve\/#webpage\",\"url\":\"https:\/\/www.champagne-clerget.com\/en\/produit\/brut-cuvee-reserve\/\",\"name\":\"Brut Cuv\\u00e9e R\\u00e9serve &ndash; Champagne Clerget\",\"isPartOf\":{\"@id\":\"https:\/\/www.champagne-clerget.com\/#website\"},\"primaryImageOfPage\":{\"@id\":\"https:\/\/www.champagne-clerget.com\/en\/produit\/brut-cuvee-reserve\/#primaryimage\"},\"datePublished\":\"2020-11-28T12:40:17+00:00\",\"dateModified\":\"2021-05-04T19:16:46+00:00\",\"breadcrumb\":{\"@id\":\"https:\/\/www.champagne-clerget.com\/en\/produit\/brut-cuvee-reserve\/#breadcrumb\"},\"inLanguage\":\"en-GB\",\"potentialAction\":[{\"@type\":\"ReadAction\",\"target\":[\"https:\/\/www.champagne-clerget.com\/en\/produit\/brut-cuvee-reserve\/\"]}]},{\"@type\":\"BreadcrumbList\",\"@id\":\"https:\/\/www.champagne-clerget.com\/en\/produit\/brut-cuvee-reserve\/#breadcrumb\",\"itemListElement\":[{\"@type\":\"ListItem\",\"position\":1,\"item\":{\"@type\":\"WebPage\",\"@id\":\"https:\/\/www.champagne-clerget.com\/en\/homepage\/\",\"url\":\"https:\/\/www.champagne-clerget.com\/en\/homepage\/\",\"name\":\"Home\"}},{\"@type\":\"ListItem\",\"position\":2,\"item\":{\"@id\":\"https:\/\/www.champagne-clerget.com\/en\/produit\/brut-cuvee-reserve\/#webpage\"}}]}]}<\/script>\n<!-- \/ Yoast SEO plugin. -->","_links":{"self":[{"href":"https:\/\/www.champagne-clerget.com\/en\/wp-json\/wp\/v2\/product\/152"}],"collection":[{"href":"https:\/\/www.champagne-clerget.com\/en\/wp-json\/wp\/v2\/product"}],"about":[{"href":"https:\/\/www.champagne-clerget.com\/en\/wp-json\/wp\/v2\/types\/product"}],"wp:featuredmedia":[{"embeddable":true,"href":"https:\/\/www.champagne-clerget.com\/en\/wp-json\/wp\/v2\/media\/223"}],"wp:attachment":[{"href":"https:\/\/www.champagne-clerget.com\/en\/wp-json\/wp\/v2\/media?parent=152"}],"curies":[{"name":"wp","href":"https:\/\/api.w.org\/{rel}","templated":true}]}}